{"id":14,"date":"2013-03-06T23:44:11","date_gmt":"2013-03-06T23:44:11","guid":{"rendered":"http:\/\/inthe.me\/demo\/fluxus-xml\/?page_id=14"},"modified":"2025-12-12T08:41:27","modified_gmt":"2025-12-12T07:41:27","slug":"liebeskunstlerinnen","status":"publish","type":"page","link":"https:\/\/secret-tantra.ch\/baden\/index.php\/liebeskunstlerinnen\/","title":{"rendered":"LIEBESK\u00dcNSTLERINNEN"},"content":{"rendered":"\n<h2 class=\"wp-block-heading\">Liebesk\u00fcnstlerin<\/h2>\n\n\n\n<p>Nach einer schweren Krankheit ist die \u00e4u\u00dferst gesch\u00e4ftst\u00fcchtige und wohlhabende Liebesk\u00fcnstlerin Chantal auf der Suche nach einem neuen Sinn in ihrem Leben. Das Schicksal will es, dass sie sechs arbeitslose Frauen kennenlernt, denen es bislang nicht gelang, ihrer Perspektivlosigkeit zu entfliehen. W\u00e4hrend es f\u00fcr die distinguierte Anita und die hochverschuldete Laura zun\u00e4chst unvorstellbar erscheint, ihren K\u00f6rper zu verkaufen, finden dies die lebenslustige Giovanna und die Lesbe Elvira eine prickelnde Idee &#8211; zumal Chantal auf Niveau besteht. Jutta, die Frau mit der atemberaubenden Oberweite, kann sich vorstellen, als Domina zu arbeiten. Die extrem quirlige Melanie wird Chantal besonders ans Herz wachsen. Das vierundzwanzigj\u00e4hrige Wesen sieht aus, als sei es erst zw\u00f6lf geworden. F\u00fcr dieses kleine Biest wird sich die Gesch\u00e4ftst\u00fcchtige etwas ganz Besonderes einfallen lassen. Das Leben pulsiert wieder. Liebe ist etwas Wunderbares.<\/p>\n\n\n\n<p>Chantal ist eine gefragte und wohlhabende Liebesk\u00fcnstlerin. Das Schicksal will es, dass sie sieben Frauen kennen lernt, denen das Leben \u00fcbel mitgespielt hat. Sie erkennt, dass die h\u00f6chst unterschiedlichen, sch\u00f6nen und attraktiven Wesen es ohne fremde Hilfe niemals schaffen werden, sich aus ihren Schulden und ihrer Perspektivlosigkeit zu befreien. In einer feuchtfr\u00f6hlichen Stunde entwickeln sie gemeinsam eine Idee, die viel zu verr\u00fcckt ist, um diese nicht in die Tat umzusetzen.<\/p>\n\n\n\n<p>F\u00fcr weitere Informationen kannst du auch unsere Webseite <a href=\"https:\/\/secrettantra.ch\/\" target=\"_blank\" rel=\"noopener\">secrettantra.ch<\/a> anschauen.<\/p>\n\n\n\n<h2 class=\"wp-block-heading\">Was ist eine Tantrika oder Liebesk\u00fcnstlerin?<\/h2>\n\n\n\n<p>Tantrika \u2013 zum Tantra geh\u00f6rig, zu den Tantras geh\u00f6rig. Tantrika ist auch die Bezeichnung von jemand, der Tantra \u00fcbt. Ein Tantrika ist also ein Tantra-\u00dcbender. Tantra kann verschiedenes hei\u00dfen in verschiedenen Kontexten. Und auf den Yoga Vidya Seiten, gibt es ein umfangreiches Kapitel \u00fcber Tantra. Gehe einfach auf unsere Seite, gib oben ein, \u201eTantra\u201c und dort findest du alles M\u00f6gliche \u00fcber die Tantra-Philosophie, auch die Tantra-Schriften. Tantra ist n\u00e4mlich auch eine bestimmte Schriftgattung. Du erf\u00e4hrst \u00fcber das Tantra-Lebens und \u00dcbungssystem, du erf\u00e4hrst \u00fcber roten, schwarzen und wei\u00dfen Tantra, \u00fcber linksh\u00e4ndigen, rechtsh\u00e4ndigen Tantra. Und jeder, der Tantra praktiziert, ist auch ein Tantrika, ein Tantriker. Und je nach Interpretation ist ein Tantrika jemand, der Tantra schon beherrscht oder jemand, der Tantra praktiziert. Tantrika, also ein Tantriker, jemand, der Tantra beherrscht. Tantrika, aber auch tantrisch, k\u00f6nnte man auch \u00fcbersetzen. Es gibt auch Tantrika-Schriften, es gibt eine Tantrika-Lebenseinstellung, es gibt eine Tantrika-Philosophie. Also, Tantrika, Adjektiv von Tantra. Und Tantrika auch der, der Tantra praktiziert.<\/p>\n\n\n\n<p>Sexualit\u00e4t ist eine Form von Energie. Im Yoga wird das prana, die Lebensenergie, in f\u00fcnf haupts\u00e4chliche Energiestr\u00f6me, vayus, unterteilt. Dabei ist zum Beispiel prana vayu die Energie hinter dem Atemsystem und dem \u00dcberlebensinstinkt, apana vayu die Energie hinter der Ausscheidung sowie der Sexualenergie und Arterhaltung. Selbsterhaltung und Arterhaltung sind wohl auch die ausgepr\u00e4gtesten Instinkte.&nbsp;<\/p>\n\n\n\n<p>Wenn apana vayu vom untersten Energiezentrum, dem muladhara chakra aus aktiv wird, ist es die Energie hinter allen Ausscheidungsvorg\u00e4ngen. Wirkt apana vayu vom zweiten, dem Swadhistana Chakra aus, dann manifestiert diese Energie sich als sexuelle Energie. Aus yogischer Sicht ist das eine sehr machtvolle Energie, n\u00e4mlich die sch\u00f6pferische Energie, mit der neues Leben geschaffen wird und die letztlich hinter jeder kreativen Leistung und auch hinter dem ganzen Universum, der Sch\u00f6pfung als Ganzes, steht. Diese Energie ist auch eine Manifestation von Liebe. Sie kann eine Grundlage sein zur Entfaltung aller Aspekte von Liebe. Diese Energie kann man nun entweder frei flie\u00dfen lassen \u2013 in die Sexualit\u00e4t hinein &#8211; oder man kann ihr eine Bahn vorgeben, in die sie flie\u00dfen soll \u2013 zum Beispiel in ein kreatives Kunstwerk oder die Entfaltung von Talenten &#8211; oder man kann versuchen, sie vollst\u00e4ndig f\u00fcr spirituelle Zwecke umzuwandeln. Ein Ziel bei aller Energiearbeit ist ganz sicher, mindestens einen Teil der Energie umzuwandeln in ojas (spirituelle transformierte Energie). Denn wir brauchen viel von dieser spirituellen Energie, um den Geist in andere Bewusstseinsebenen zu bringen, unsere wahre Seinsnatur zu erkennen und schlie\u00dflich zur Selbstverwirklichung zu kommen.<\/p>\n\n\n\n<p>Apana vayu l\u00e4sst sich zum Beispiel umwandeln in ojas durch pranayama (Atem\u00fcbungen), Mula bandha (Wuzelverschlu\u00df, Zusammenziehen der Beckenbodenmuskeln), ashwini mudra (schnelles mehrfaches Zusammenziehen und Loslassen der Anusschlie\u00dfmuskeln) sowie Umkehrstellungen, l\u00e4ngeres Halten der Stellungen, Meditation, Mantrawiederholung und viele andere praktische \u00dcbungen aus dem Kundalini Yoga.&nbsp;<\/p>\n\n\n\n<p>Die Funktion von apana vayu vom Swadhistana Chakra her k\u00f6nnen wir auf sattwige (sattwig: rein, klar, leicht, hell) Weise ausleben, im Rahmen einer auf gegenseitiger R\u00fccksichtnahme und Achtung basierenden Partnerschaft. Sexualit\u00e4t geh\u00f6rt zur ersten der 4 Kategorien menschlicher Bed\u00fcrfnisse, n\u00e4mlich der Kategorie der sinnlichen Bed\u00fcrfnisse. Es wird empfohlen, die Bed\u00fcrfnisse aller 4 Kategorien auf sattwige, d.h. reine Weise zu leben, und auf rajassige (egoistische, gierige) und tamassige (r\u00fccksichtslose, tr\u00e4ge, unwissende) Weisen der Bed\u00fcrfnisbefriedigung zu verzichten. Und auch bei sattwiger Lebensweise sollte man Identifikation und Anhaftung vermeiden.<\/p>\n\n\n\n<p>Diese vier Bed\u00fcrfniskategorien, auf Sanskrit Purusharthas genannt, sind:&nbsp;<\/p>\n\n\n\n<ul class=\"wp-block-list\">\n<li>&nbsp;Kama: Wunscherf\u00fcllung, Befriedigung der sinnlichen Bed\u00fcrfnisse<\/li>\n\n\n\n<li>&nbsp;Artha: Wunsch nach Wohlstand, Wohlergehen, Macht, Einfluss in Beruf und Gesellschaft,&nbsp;<\/li>\n\n\n\n<li>&nbsp;Dharma: Pflichterf\u00fcllung. Seiner Verantwortung in Familie und Gesellschaft nachkommen, sich f\u00fcr politische und\/oder wohlt\u00e4tige Zwecke engagieren usw. Auch Selbstentfaltung im westlich-humanistischen Sinn&nbsp;<\/li>\n\n\n\n<li>&nbsp;Moksha: Befreiung<\/li>\n<\/ul>\n\n\n\n<p><br>Eine ideale Partnerschaft hilft erstens, Bed\u00fcrfnisse auf sattwige Weise zu leben. Zweitens erm\u00f6glicht sie es, Liebe auf allen Ebenen zu erfahren und zu geben. Drittens und letztendlich dehnt sich die Liebe \u00fcber Partnerschaft und Familie aus zur allumfassenden Liebe aller Gesch\u00f6pfe.<\/p>\n\n\n\n<p>Im klassischen Indien ist die praktische Umsetzung dieses Konzepts \u00e4hnlich wie in der christlichen Kultur, n\u00e4mlich in Form einer Ehe mit Kindern \u2013 mit dem Unterschied, <a href=\"https:\/\/secret-tantra.ch\/baden\/index.php\/erlebe-den-zauber-unseres-tantra\/\" data-type=\"page\" data-id=\"287\">dass das <\/a>Sakrament der Ehe nicht bis zum Tod gilt sondern bis ins hohe Alter, wie wir sp\u00e4ter noch sehen werden. Von einem moderneren yogischen Standpunkt w\u00e4ren, losgel\u00f6st von gesellschaftlichen Konventionen, auch andere Formen des Zusammenlebens denkbar, auch z.B. homosexuelle Partnerschaft oder andere Formen des Zusammenlebens.&nbsp;<\/p>\n\n\n\n<p>Sexualit\u00e4t wird als Grundlage einer Partnerschaft gesehen, die Liebe auf alle Ebenen des Seins erm\u00f6glicht. K\u00f6rperliche Liebe Liebesk\u00fcnstlerin entwickelt sich weiter zu emotioneller, geistiger und spiritueller Liebe. Liebe in der Partnerschaft wird schlie\u00dflich Grundlage f\u00fcr sogenannte selbstlose Liebe, wobei vielleicht unbedingte, bedingungslose, unbegrenzte Liebe Liebesk\u00fcnstlerin bessere Ausdr\u00fccke daf\u00fcr w\u00e4ren. Man soll lernen, sich f\u00fcr einen anderen zu \u00f6ffnen, f\u00fcr einen anderen auch Opfer zu bringen, f\u00fcr den anderen da zu sein. Idealerweise ist das nat\u00fcrlich beidseitig. Wenn beide f\u00fcreinander da sind, ist das eine wunderbare Weise, das Ego etwas zu \u00fcberwinden und an sich zu arbeiten.&nbsp;<\/p>\n\n\n\n<p>Liebesk\u00fcnstlerin Hier zun\u00e4chst ein paar Anregungen, wie eine Partnerschaft der Bed\u00fcrfnisbefriedigung Liebesk\u00fcnstlerin bei allen vier Purusharthas helfen kann.<\/p>\n\n\n\n<p>Kama: Nat\u00fcrlich soll sie einmal das Bed\u00fcrfnis nach sexuellem Kontakt, aber auch nach Z\u00e4rtlichkeit, Geborgenheit usw. befriedigen und zwar auf eine sattwige Weise, das hei\u00dft, dass man in dem anderen nicht nur das Sexualobjekt sieht, sondern auf seine W\u00fcnsche und Bed\u00fcrfnisse auf jeder Ebene eingeht.&nbsp;<\/p>\n\n\n\n<p>Artha: Gleichzeitig ist eine Partnerschaft Liebesk\u00fcnstlerin auch irgendwie eine Wirtschaftsgemeinschaft, wobei jede Familie ihre Art der Aufgabenteilung finden mu\u00df.&nbsp;<\/p>\n\n\n\n<figure class=\"wp-block-image size-large\"><img loading=\"lazy\" decoding=\"async\" width=\"1024\" height=\"770\" src=\"https:\/\/secret-tantra.ch\/baden\/wp-content\/uploads\/2025\/03\/Secret-Tantra-Dila-Werbung-01-1024x770.jpg\" alt=\"Secret Tantra Baden und Volketswil Liebesk\u00fcnstlerin\" class=\"wp-image-325\" srcset=\"https:\/\/secret-tantra.ch\/baden\/wp-content\/uploads\/2025\/03\/Secret-Tantra-Dila-Werbung-01-1024x770.jpg 1024w, https:\/\/secret-tantra.ch\/baden\/wp-content\/uploads\/2025\/03\/Secret-Tantra-Dila-Werbung-01-300x225.jpg 300w, https:\/\/secret-tantra.ch\/baden\/wp-content\/uploads\/2025\/03\/Secret-Tantra-Dila-Werbung-01-768x577.jpg 768w, https:\/\/secret-tantra.ch\/baden\/wp-content\/uploads\/2025\/03\/Secret-Tantra-Dila-Werbung-01.jpg 1139w\" sizes=\"auto, (max-width: 1024px) 100vw, 1024px\" \/><\/figure>\n\n\n\n<p>Der n\u00e4chste Aspekt, Dharma, bedeutet, auch f\u00fcr andere da zu sein. Eine Partnerschaft sollte sich nicht exklusiv auf die Zweiterbeziehung beschr\u00e4nken. Das kann hei\u00dfen, Kinder zu bekommen und aufzuziehen. Das ist eine ausgezeichnete Weise, das Ego etwas zu \u00fcberwinden, selbstloser zu werden. Diese Grundliebe, die man f\u00fcr einander und f\u00fcr die eigenen Kinder entwickelt, sollte man dann weiter ausdehnen auf andere Menschen, auf Arme, Kranke, Bed\u00fcrftige, die Gesellschaft Liebesk\u00fcnstlerin und sich f\u00fcr das Allgemeinwohl einsetzen. Eine Partnerschaft Liebesk\u00fcnstlerin wie auch das eigene Leben sind nicht erf\u00fcllt, wenn dieser Aspekt nicht dabei ist. Es tut auch der Partnerschaft und der pers\u00f6nlichen Entwicklung nicht gut, wenn man sich von allem abkapselt und sich nur aufeinander konzentriert. Man erwartet dann von einem Menschen alles \u2013 und ein einziger Mensch kann nun einmal nicht alles gleichzeitig sein.&nbsp;<\/p>\n\n\n\n<p>Liebesk\u00fcnstlerin Also nicht: \u201eMy home is my castle\u201c, und ich muss mich gegen alle Einfl\u00fcsse von au\u00dfen wehren, sondern im Gegenteil: Mein Heim, meine Familie, ist die Grundlage f\u00fcr alles andere, die Zelle, von der aus man wachsen und sich weiter entfalten kann.&nbsp;<\/p>\n\n\n\n<p>Der vierten Aspekt, moksha, Liebesk\u00fcnstlerin bedeutet, dass Partnerschaft auf dem Weg zur Einheit, zur Befreiung, hilft. Indem sich die Egos aneinander reiben, kommt das Tiefere zum Vorschein. Der eine unterst\u00fctzt den andern auf dem spirituellen Weg. Der eine ist der Guru, der Lehrer, Liebesk\u00fcnstlerin des anderen. Ideal ist es dabei nat\u00fcrlich, wenn beide Partner bewusst auf dem spirituellen Weg gehen und sich gegenseitig unterst\u00fctzen. Wer eine solche spirituelle Partnerschaft hat, kann sich gl\u00fccklich sch\u00e4tzen. Auch dabei kann es Probleme geben: Zum einen inspirieren sich die Partner nicht immer gegenseitig auf dem Weg, sondern liefern sich Entschuldigungen, nicht zu praktizieren, oder machen den anderen daf\u00fcr verantwortlich, dass es auf dem Weg nicht so voran geht. Zum anderen ist bei jeder Partnerschaft nat\u00fcrlich die Gefahr einer starken Anhaftung an den Partner und statt einer Grundlage f\u00fcr mehr Liebe kann auch die Grundlage f\u00fcr emotionelle Schwierigkeiten geschaffen werden. Aber nichts im Leben ist immer einfach. Das Leben ist vielmehr dazu da, dass wir lernen und wachsen.&nbsp;<\/p>\n\n\n\n<p>Es ist eine besondere Herausforderung, Liebesk\u00fcnstlerin wenn nur einer der Partner bewusst auf dem spirituellen Weg ist. Der eine wird regelm\u00e4\u00dfig seine Praxis machen wollen \u2013 Meditation, asanas, pranayama &#8211; seine Ern\u00e4hrung umstellen, keinen Alkohol mehr trinken wollen. Da wird es schon etwas schwierig, wenn der andere bei den bisherigen Gewohnheiten bleibt. Aber ich kenne eine ganze Reihe gut funktionierender Partnerschaften, die nach ein oder zwei Jahren die Anpassungsschwierigkeiten \u00fcberwunden hatten und auf einen guten Weg gekommen sind. So lange der grundlegende Respekt, Liebe, Achtung und die \u00dcberzeugung da sind, dass der andere auf seine Weise ein guter Mensch und eigentlich auch spirituell ist, ohne es eben zu seinem Lebensstil zu machen, kann man miteinander wachsen.&nbsp;<\/p>\n\n\n\n<p>F\u00fcr die meisten Menschen ist eine Partnerbeziehung Liebesk\u00fcnstlerin das Normale und W\u00fcnschenswerte.<\/p>\n","protected":false},"excerpt":{"rendered":"<p>Liebesk\u00fcnstlerin Nach einer schweren Krankheit ist die \u00e4u\u00dferst gesch\u00e4ftst\u00fcchtige und wohlhabende Liebesk\u00fcnstlerin Chantal auf der Suche nach einem neuen Sinn in ihrem Leben. Das Schicksal will es, dass sie sechs arbeitslose Frauen kennenlernt, denen es bislang nicht gelang, ihrer Perspektivlosigkeit zu entfliehen. W\u00e4hrend es f\u00fcr die distinguierte Anita und die &hellip;<\/p>\n<div class=\"wrap-excerpt-more\"><a class=\"excerpt-more\" href=\"https:\/\/secret-tantra.ch\/baden\/index.php\/liebeskunstlerinnen\/\">Read more<\/a><\/div>\n","protected":false},"author":1,"featured_media":0,"parent":0,"menu_order":0,"comment_status":"open","ping_status":"closed","template":"template-portfolio-grid.php","meta":{"footnotes":""},"class_list":["post-14","page","type-page","status-publish","hentry","post--no-featured-image"],"_links":{"self":[{"href":"https:\/\/secret-tantra.ch\/baden\/index.php\/wp-json\/wp\/v2\/pages\/14","targetHints":{"allow":["GET"]}}],"collection":[{"href":"https:\/\/secret-tantra.ch\/baden\/index.php\/wp-json\/wp\/v2\/pages"}],"about":[{"href":"https:\/\/secret-tantra.ch\/baden\/index.php\/wp-json\/wp\/v2\/types\/page"}],"author":[{"embeddable":true,"href":"https:\/\/secret-tantra.ch\/baden\/index.php\/wp-json\/wp\/v2\/users\/1"}],"replies":[{"embeddable":true,"href":"https:\/\/secret-tantra.ch\/baden\/index.php\/wp-json\/wp\/v2\/comments?post=14"}],"version-history":[{"count":5,"href":"https:\/\/secret-tantra.ch\/baden\/index.php\/wp-json\/wp\/v2\/pages\/14\/revisions"}],"predecessor-version":[{"id":574,"href":"https:\/\/secret-tantra.ch\/baden\/index.php\/wp-json\/wp\/v2\/pages\/14\/revisions\/574"}],"wp:attachment":[{"href":"https:\/\/secret-tantra.ch\/baden\/index.php\/wp-json\/wp\/v2\/media?parent=14"}],"curies":[{"name":"wp","href":"https:\/\/api.w.org\/{rel}","templated":true}]}}