{"id":195,"date":"2025-02-25T22:50:15","date_gmt":"2025-02-25T21:50:15","guid":{"rendered":"https:\/\/secret-tantra.ch\/baden\/?page_id=195"},"modified":"2025-03-05T09:37:31","modified_gmt":"2025-03-05T08:37:31","slug":"jetzt-buchen","status":"publish","type":"page","link":"https:\/\/secret-tantra.ch\/baden\/index.php\/jetzt-buchen\/","title":{"rendered":"JETZT BUCHEN"},"content":{"rendered":"\n<div style=\"height:30px\" aria-hidden=\"true\" class=\"wp-block-spacer\"><\/div>\n\n\n\n<h2 class=\"wp-block-heading\">Jetzt buchen &#8211; wie vorgehen?<\/h2>\n\n\n\n<p>Wenn Du wissen m\u00f6chtest, wann die einzelne Liebesk\u00fcnstlerin verf\u00fcgbar ist, findest Du auf secret-tantra.ch den <a href=\"https:\/\/secret-tantra.ch\/buchbar\/\" target=\"_blank\" rel=\"noreferrer noopener\">Plan f\u00fcr die kommenden 14 Tage<\/a>. Oder Du kannst auch <a href=\"https:\/\/secrettantra.ch\/\" target=\"_blank\" rel=\"noreferrer noopener\">auf unserem Shop (secrettantra.ch)<\/a> nachsehen, ob und wann sie Zeit f\u00fcr Dich hat. Nat\u00fcrlich informieren wir Dich dar\u00fcber auch gerne per Telefon oder Email. <\/p>\n\n\n\n<h4 class=\"wp-block-heading\">BUCHE JETZT DEINE SINNLICHE TANTRA-SESSION IN BADEN!<\/h4>\n\n\n\n<div style=\"height:30px\" aria-hidden=\"true\" class=\"wp-block-spacer\"><\/div>\n\n\n<div class=\"tabs\"><nav class=\"tabs-menu\"><ul><li class=\"active\"><a href=\"#\">Online-Booking<\/a><\/li><li><a href=\"#\">Telefon<\/a><\/li><li><a href=\"#\">E-Mail<\/a><\/li><\/ul><\/nav><div class=\"tabs-content\"><div class=\"tab tab-index-1\">\n<p><a href=\"https:\/\/secrettantra.ch\/\" target=\"_blank\" rel=\"noreferrer noopener\" data-type=\"link\" data-id=\"https:\/\/secrettantra.ch\/\">Online-Booking<\/a> &#8211; Du wirst weitergeleitet auf den zentralen Shop \/ Online-Booking bei secrettantra.ch, wo Du direkt Deine Liebesk\u00fcnstlerin jederzeit buchen kannst. Dabei bist Du unabh\u00e4ngig von unserer Erreichbarkeit per Telefon (t\u00e4glich von 08-20 Uhr).<\/p>\n<\/div><div class=\"tab tab-index-2\">\n<p>\u00dcber die Nummer <a href=\"tel:+41772677202\">+41 77 267 72 02<\/a> | SMS\/Whatsapp nehmen wir gerne Deine Buchung t\u00e4glich von 08-20 Uhr entgegen und beantworten Deine Fragen.<\/p>\n<\/div><div class=\"tab tab-index-3\">\n<p>Sende eine Email an <a href=\"mailto:buchen@secret-tantra.ch\" target=\"_blank\" rel=\"noreferrer noopener\">buchen@secret-tantra.ch<\/a> &#8211; wir antworten in der Regel am gleichen Tag. Es kann aber auch manchmal vorkommen, dass Deine Nachricht im SPAM landet. Deshalb k\u00f6nnen wir hier keine Antwortzeiten garantieren.<\/p>\n<\/div><\/div><\/div>\n\n\n<div style=\"height:30px\" aria-hidden=\"true\" class=\"wp-block-spacer\"><\/div>\n\n\n\n<h4 class=\"wp-block-heading\">VORLAUFZEIT ZWEI STUNDEN<\/h4>\n\n\n\n<p>Alle unsere Liebesk\u00fcnstlerinnen sind selbst\u00e4ndig erwerbend und leben ausnahmslos in der Schweiz. Im Gegensatz zu anderen Pl\u00e4tzen, sitzen sie auch nicht vor Ort herum und warten auf G\u00e4ste, sondern kommen ebenfalls auf Termin. Damit sorgen wir f\u00fcr die mental und spirituell besten Voraussetzungen eines sinnlichen Momentes mit Dir. <\/p>\n\n\n\n<h4 class=\"wp-block-heading\">GENAUE ADRESSE BEI TERMINVEREINBARUNG<\/h4>\n\n\n\n<p>Wie eben erw\u00e4hnt, verzichten wir auf spontane Laufkundschaft. Gerne geben wir Dir die genaue Adresse bekannt, sobald Du einen Termin verbindlich gebucht hast.<\/p>\n\n\n\n<h4 class=\"wp-block-heading\">BARGELD<\/h4>\n\n\n\n<p>Die Liebesk\u00fcnstlerinnen sind also genauso auf Diskretion angewiesen wie Du. Aus diesem Grund k\u00f6nnen sie auch nur Bargeld entgegennehmen. Lege dieses bitte vor der Tantra-Session in die bereitgestellte, kleine Schatulle &#8211; Deine Liebesk\u00fcnstlerin zeigt Dir dann wo.<\/p>\n\n\n\n<h4 class=\"wp-block-heading\">TERMINE NUR MIT MOBILNUMMER<\/h4>\n\n\n\n<p>Damit wir unsere Liebesk\u00fcnstlerinnen vor unehrenhaften Aktivit\u00e4ten wie No-Shows etc. sch\u00fctzen k\u00f6nnen, bestehen wir darauf, dass wir eine Mobil-Nummer von Dir haben. Das ist auch f\u00fcr Notf\u00e4lle wichtig, falls ein Termin kurzfristig sich \u00e4ndert. Diese sehr private Informationen behandeln wir selbstverst\u00e4ndlich mit der allergr\u00f6ssten Diskretion.<\/p>\n","protected":false},"excerpt":{"rendered":"<p>Jetzt buchen &#8211; wie vorgehen? Wenn Du wissen m\u00f6chtest, wann die einzelne Liebesk\u00fcnstlerin verf\u00fcgbar ist, findest Du auf secret-tantra.ch den Plan f\u00fcr die kommenden 14 Tage. Oder Du kannst auch auf unserem Shop (secrettantra.ch) nachsehen, ob und wann sie Zeit f\u00fcr Dich hat. Nat\u00fcrlich informieren wir Dich dar\u00fcber auch gerne &hellip;<\/p>\n<div class=\"wrap-excerpt-more\"><a class=\"excerpt-more\" href=\"https:\/\/secret-tantra.ch\/baden\/index.php\/jetzt-buchen\/\">Read more<\/a><\/div>\n","protected":false},"author":1,"featured_media":0,"parent":0,"menu_order":0,"comment_status":"closed","ping_status":"closed","template":"","meta":{"footnotes":""},"class_list":["post-195","page","type-page","status-publish","hentry","post--no-featured-image"],"_links":{"self":[{"href":"https:\/\/secret-tantra.ch\/baden\/index.php\/wp-json\/wp\/v2\/pages\/195","targetHints":{"allow":["GET"]}}],"collection":[{"href":"https:\/\/secret-tantra.ch\/baden\/index.php\/wp-json\/wp\/v2\/pages"}],"about":[{"href":"https:\/\/secret-tantra.ch\/baden\/index.php\/wp-json\/wp\/v2\/types\/page"}],"author":[{"embeddable":true,"href":"https:\/\/secret-tantra.ch\/baden\/index.php\/wp-json\/wp\/v2\/users\/1"}],"replies":[{"embeddable":true,"href":"https:\/\/secret-tantra.ch\/baden\/index.php\/wp-json\/wp\/v2\/comments?post=195"}],"version-history":[{"count":20,"href":"https:\/\/secret-tantra.ch\/baden\/index.php\/wp-json\/wp\/v2\/pages\/195\/revisions"}],"predecessor-version":[{"id":343,"href":"https:\/\/secret-tantra.ch\/baden\/index.php\/wp-json\/wp\/v2\/pages\/195\/revisions\/343"}],"wp:attachment":[{"href":"https:\/\/secret-tantra.ch\/baden\/index.php\/wp-json\/wp\/v2\/media?parent=195"}],"curies":[{"name":"wp","href":"https:\/\/api.w.org\/{rel}","templated":true}]}}