{"id":25,"date":"2013-03-06T23:48:51","date_gmt":"2013-03-06T23:48:51","guid":{"rendered":"http:\/\/inthe.me\/demo\/fluxus-xml\/?page_id=25"},"modified":"2025-03-05T21:33:04","modified_gmt":"2025-03-05T20:33:04","slug":"preise","status":"publish","type":"page","link":"https:\/\/secret-tantra.ch\/baden\/index.php\/preise\/","title":{"rendered":"PREISE"},"content":{"rendered":"\n<div style=\"height:30px\" aria-hidden=\"true\" class=\"wp-block-spacer\"><\/div>\n\n\n\n<p>Alle nachstehenden Preise sind in CHF angegeben. Gerne akzeptieren wir auch EUR und USD zu den aktuellen Wechselkursen. Bitte informiere uns bei der Buchung, damit wir den entsprechenden Betrag im Voraus festlegen k\u00f6nnen. Da alle Liebesk\u00fcnstlerinnen selbst\u00e4ndig erwerbend sind, k\u00f6nnen sie nur Bargeld entgegennehmen. Bitte \u00fcbergib dieses w\u00e4hrend des Vorgespr\u00e4ches, damit Ihr Euch dann auf die sinnliche Zeit konzentrieren k\u00f6nnt.<\/p>\n\n\n\n<h4 class=\"wp-block-heading\"><strong>WICHTIG &#8211; NIMM DIR AUSREICHEND ZEIT!<\/strong><\/h4>\n\n\n\n<p>Die Zeit widerspiegelt jeweils die reine Dauer einer Session. Bei uns beginnt alles mit einem Vorgespr\u00e4ch bei einem Kaffee oder Softgetr\u00e4nk. Dusche, Abschlussgespr\u00e4ch etc. nehmen ebenfalls ein wenig Zeit in Anspruch, sodass Du ca <strong>25 Minuten zus\u00e4tzlich zu der angegebenen Zeit mitbringen<\/strong> solltest.<\/p>\n\n\n\n<p>Bitte beachte auch, dass wir auf Alkohol verzichten, da Tantra mit allen Sinnen und klarem Verstand genossen wird.<\/p>\n\n\n\n<div style=\"height:30px\" aria-hidden=\"true\" class=\"wp-block-spacer\"><\/div>\n\n\n<div class=\"accordion\"><div class=\"panel panel-1 panel-active\"><h3 class=\"panel-title\"><a href=\"#\"><strong>Tantra Massagen<\/strong><\/a><\/h3><div class=\"panel-content\"><\/h4>\n<p>Klassisches Weisses Tantra &#8211; Du bleibst passiv und der empfangende Teil.<\/p>\n<p>Detaillierte Informationen zur Tantra Massage findest Du <a href=\"https:\/\/www.secret-tantra.ch\/tantra-angebot\/\" target=\"_blank\" rel=\"noopener\">Hier<\/a> und <a href=\"https:\/\/www.secret-tantra.ch\/tantra-massage\/\" target=\"_blank\" rel=\"noopener\">Hier.<\/a><\/p>\n<figure class=\"table\">\n<table style=\"height: 103px;\" width=\"303\">\n<tbody>\n<tr>\n<td><strong>Zeitdauer<\/strong><\/td>\n<td><strong>Preis in CHF<\/strong><\/td>\n<\/tr>\n<tr>\n<td>90 Minuten<\/td>\n<td>350.&#8211;<\/td>\n<\/tr>\n<tr>\n<td>120 Minuten<\/td>\n<td>450.&#8211;<\/td>\n<\/tr>\n<\/tbody>\n<\/table>\n<\/figure>\n<\/div><\/div><div class=\"panel panel-2\"><h3 class=\"panel-title\"><a href=\"#\"><strong>Tantra Liebesrituale<\/strong><\/a><\/h3><div class=\"panel-content\"><\/h4>\n<p>Rotes Tantra &#8211; die nat\u00fcrliche Fortsetzung des Weissen Tantra mit gegenseitigen Ber\u00fchrungen, Zungenk\u00fcsse, Oral bis hin zur sexuellen Vereinigung.<\/p>\n<p>Detaillierte Informationen zu den Tantra Liebesritualen findest Du <a href=\"https:\/\/www.secret-tantra.ch\/tantra-angebot\/\" target=\"_blank\" rel=\"noopener\">Hier<\/a> und <a href=\"https:\/\/www.secret-tantra.ch\/tantra-liebesritual\/\" target=\"_blank\" rel=\"noopener\">Hier.<\/a><\/p>\n<figure class=\"table\">\n<table>\n<tbody>\n<tr>\n<td><strong>Zeitdauer<\/strong><\/td>\n<td><strong>Preis in CHF<\/strong><\/td>\n<\/tr>\n<tr>\n<td>60 Minuten (Intro)<\/td>\n<td>400.&#8211;<\/td>\n<\/tr>\n<tr>\n<td>90 Minuten<\/td>\n<td>550.&#8211;<\/td>\n<\/tr>\n<tr>\n<td>120 Minuten<\/td>\n<td>700.&#8211;<\/td>\n<\/tr>\n<tr>\n<td>150 Minuten<\/td>\n<td>850.&#8211;<\/td>\n<\/tr>\n<tr>\n<td>180 Minuten<\/td>\n<td>1000.&#8211;<\/td>\n<\/tr>\n<\/tbody>\n<\/table>\n<\/figure>\n<\/div><\/div><div class=\"panel panel-3 panel-last\"><h3 class=\"panel-title\"><a href=\"#\"><strong>Bisexuelle Liebesrituale<\/strong> und <strong>Liebesrituale f\u00fcr Paare<\/strong><\/a><\/h3><div class=\"panel-content\"><\/h4>\n<p>Beide Services bieten wir derzeit nur in Volketswil an. Hier findest Du weitere Informationen:<\/p>\n<p>&#8211; <a href=\"https:\/\/www.secret-tantra.ch\/bisexuelles-ritual\/\" target=\"_blank\" rel=\"noopener\">Bisexuelles Liebesritual<\/a><\/p>\n<p>&#8211; <a href=\"https:\/\/www.secret-tantra.ch\/das-tantra-liebesritual-mit-einem-paar\/\" target=\"_blank\" rel=\"noopener\">Liebesritual f\u00fcr Paare<\/a><\/p>\n<p>Und <a href=\"https:\/\/www.secret-tantra.ch\/service-pricing-escort\/\" target=\"_blank\" rel=\"noopener\">hier<\/a> geht es zu den entsprechenden Preisen.<\/p>\n<\/div><\/div><\/div>","protected":false},"excerpt":{"rendered":"<p>Alle nachstehenden Preise sind in CHF angegeben. Gerne akzeptieren wir auch EUR und USD zu den aktuellen Wechselkursen. Bitte informiere uns bei der Buchung, damit wir den entsprechenden Betrag im Voraus festlegen k\u00f6nnen. Da alle Liebesk\u00fcnstlerinnen selbst\u00e4ndig erwerbend sind, k\u00f6nnen sie nur Bargeld entgegennehmen. Bitte \u00fcbergib dieses w\u00e4hrend des Vorgespr\u00e4ches, &hellip;<\/p>\n<div class=\"wrap-excerpt-more\"><a class=\"excerpt-more\" href=\"https:\/\/secret-tantra.ch\/baden\/index.php\/preise\/\">Read more<\/a><\/div>\n","protected":false},"author":1,"featured_media":0,"parent":0,"menu_order":0,"comment_status":"closed","ping_status":"open","template":"","meta":{"footnotes":""},"class_list":["post-25","page","type-page","status-publish","hentry","post--no-featured-image"],"_links":{"self":[{"href":"https:\/\/secret-tantra.ch\/baden\/index.php\/wp-json\/wp\/v2\/pages\/25","targetHints":{"allow":["GET"]}}],"collection":[{"href":"https:\/\/secret-tantra.ch\/baden\/index.php\/wp-json\/wp\/v2\/pages"}],"about":[{"href":"https:\/\/secret-tantra.ch\/baden\/index.php\/wp-json\/wp\/v2\/types\/page"}],"author":[{"embeddable":true,"href":"https:\/\/secret-tantra.ch\/baden\/index.php\/wp-json\/wp\/v2\/users\/1"}],"replies":[{"embeddable":true,"href":"https:\/\/secret-tantra.ch\/baden\/index.php\/wp-json\/wp\/v2\/comments?post=25"}],"version-history":[{"count":14,"href":"https:\/\/secret-tantra.ch\/baden\/index.php\/wp-json\/wp\/v2\/pages\/25\/revisions"}],"predecessor-version":[{"id":306,"href":"https:\/\/secret-tantra.ch\/baden\/index.php\/wp-json\/wp\/v2\/pages\/25\/revisions\/306"}],"wp:attachment":[{"href":"https:\/\/secret-tantra.ch\/baden\/index.php\/wp-json\/wp\/v2\/media?parent=25"}],"curies":[{"name":"wp","href":"https:\/\/api.w.org\/{rel}","templated":true}]}}