{"id":287,"date":"2025-03-01T22:43:44","date_gmt":"2025-03-01T21:43:44","guid":{"rendered":"https:\/\/secret-tantra.ch\/baden\/?page_id=287"},"modified":"2025-03-05T21:55:15","modified_gmt":"2025-03-05T20:55:15","slug":"erlebe-den-zauber-unseres-tantra","status":"publish","type":"page","link":"https:\/\/secret-tantra.ch\/baden\/index.php\/erlebe-den-zauber-unseres-tantra\/","title":{"rendered":"ERLEBE DEN ZAUBER UNSERES TANTRA"},"content":{"rendered":"\n<div style=\"height:30px\" aria-hidden=\"true\" class=\"wp-block-spacer\"><\/div>\n\n\n\n<p>Der Zauber unseres Tantra liegt in der tief empfundene Z\u00e4rtlichkeit, die in unserer heutigen Zeit wichtiger denn je ist. Erfahre hautnah spirituelle und inspirierende Erotik!<\/p>\n\n\n\n<p>Tantra ist gleichermassen eine energetische wie erotische Sexualpratik. Sie ber\u00fccksichtigt die geistigen Aspekte und schult durch sinnliche Ber\u00fchrungs- und Achtsamkeits\u00fcbungen das Vertrauen zwischen den Partnern.<\/p>\n\n\n\n<h4 class=\"wp-block-heading\">JEDE BEGEGNUNG EIN SINNESFEST<\/h4>\n\n\n\n<p>Bei unserem Tantra geht es um den geistigen Aspekt der Erotik und um Vertrauen. Aber auch darum, sexuelle Lust zu entfalten und blockierte Energien zu befreien.<\/p>\n\n\n\n<h4 class=\"wp-block-heading\">GEBORGENHEIT SCHENKEN<\/h4>\n\n\n\n<p>Rituale sind uns wichtig, da sie Geborgenheit geben und N\u00e4he schaffen. Es sind ganz einfache Dinge, die aus allt\u00e4glichem Tun bewusste und feierliche Handlungen machen.<\/p>\n\n\n\n<h4 class=\"wp-block-heading\">ZULASSEN STATT MACHEN<\/h4>\n\n\n\n<p>Hineinfinden, loslassen und zulassen &#8211; darum geht es bei uns. Auf Leistung oder gar Perfektion kommt bei Secret Tantra nicht an. Nutze die Zeit f\u00fcr eine Meditation zu zweit\/dritt.<\/p>\n\n\n\n<div style=\"height:30px\" aria-hidden=\"true\" class=\"wp-block-spacer\"><\/div>\n\n\n\n<h4 class=\"wp-block-heading\">DIE SECHS STUFEN UNSERER TANTRA-SESSIONS<\/h4>\n\n\n\n<div style=\"height:30px\" aria-hidden=\"true\" class=\"wp-block-spacer\"><\/div>\n\n\n<div class=\"accordion\"><div class=\"panel panel-1 panel-active\"><h3 class=\"panel-title\"><a href=\"#\">1. <strong>Vorgespr\u00e4ch<\/strong><\/a><\/h3><div class=\"panel-content\"><\/h4>\n<p>Den Alltagsstress, L\u00e4rm und Unruhe hinter sich lassen \u2013 die Tantrika und Du lernen sich kennen und trinken etwas zusammen \u2013 Du deponierst Deine W\u00fcnsche<\/p>\n<\/div><\/div><div class=\"panel panel-2\"><h3 class=\"panel-title\"><a href=\"#\">2. <strong>Kontakt aufnehmen<\/strong><\/a><\/h3><div class=\"panel-content\"><\/h4>\n<p>Gemeinsames Atmen \u2013 die H\u00e4nde werden aufgelegt \u2013 beide Partner erden sich \u2013 die erste Ber\u00fchrung baut die innere Verbindung auf.<\/p>\n<\/div><\/div><div class=\"panel panel-3\"><h3 class=\"panel-title\"><a href=\"#\"><strong>3. Die sechs Schmetterlinge<\/strong><\/a><\/h3><div class=\"panel-content\"><\/h4>\n<p>Ohne \u00d6l werden einige lange Striche durchgef\u00fchrt \u2013 der Kontakt wird intensiviert \u2013 die Energien verteilen sich \u2013 Du l\u00e4sst Dich fallen<\/p>\n<\/div><\/div><div class=\"panel panel-4\"><h3 class=\"panel-title\"><a href=\"#\"><strong>4. \u00d6lmassage<\/strong><\/a><\/h3><div class=\"panel-content\"><\/h4>\n<p>Der ganze K\u00f6rper wird sanft massiert \u2013 Energieblockaden l\u00f6sen sich auf \u2013 jedem K\u00f6rperteil wird Zuneigung geschenkt. Body-to-Body ist ein Teil hiervon.<\/p>\n<\/div><\/div><div class=\"panel panel-5\"><h3 class=\"panel-title\"><a href=\"#\"><strong>5. Yoni- und Lingam-Massage<\/strong><\/a><\/h3><div class=\"panel-content\"><\/h4>\n<p>Der Intimbereich wird sanft stimuliert \u2013 die sexuelle Energie und die Lust des Partners werden entfacht \u2013 Blockaden die den Fluss der Erotik st\u00f6ren, werden gel\u00f6st.<\/p>\n<\/div><\/div><div class=\"panel panel-6 panel-last\"><h3 class=\"panel-title\"><a href=\"#\"><strong>6. Die Chakras verbinden<\/strong><\/a><\/h3><div class=\"panel-content\"><\/h4>\n<p>Die drei Hauptenergiezentren Bauch, Herz und Kopf werden miteinander verbunden \u2013 das Gleichgewicht wird wiederhergestellt die sexuelle Kraft wird durch die sexuelle Vereinigung aufw\u00e4rts gelenkt.<\/p>\n<\/div><\/div><\/div>\n\n\n<p>W\u00e4hle Dir jetzt Deine <a href=\"https:\/\/secret-tantra.ch\/baden\/index.php\/liebeskunstlerinnen\/\" data-type=\"page\" data-id=\"14\">Liebesk\u00fcnstlerin<\/a> aus, die Dich verw\u00f6hnen darf.<\/p>\n","protected":false},"excerpt":{"rendered":"<p>Der Zauber unseres Tantra liegt in der tief empfundene Z\u00e4rtlichkeit, die in unserer heutigen Zeit wichtiger denn je ist. Erfahre hautnah spirituelle und inspirierende Erotik! Tantra ist gleichermassen eine energetische wie erotische Sexualpratik. Sie ber\u00fccksichtigt die geistigen Aspekte und schult durch sinnliche Ber\u00fchrungs- und Achtsamkeits\u00fcbungen das Vertrauen zwischen den Partnern. &hellip;<\/p>\n<div class=\"wrap-excerpt-more\"><a class=\"excerpt-more\" href=\"https:\/\/secret-tantra.ch\/baden\/index.php\/erlebe-den-zauber-unseres-tantra\/\">Read more<\/a><\/div>\n","protected":false},"author":1,"featured_media":0,"parent":0,"menu_order":0,"comment_status":"closed","ping_status":"closed","template":"","meta":{"footnotes":""},"class_list":["post-287","page","type-page","status-publish","hentry","post--no-featured-image"],"_links":{"self":[{"href":"https:\/\/secret-tantra.ch\/baden\/index.php\/wp-json\/wp\/v2\/pages\/287","targetHints":{"allow":["GET"]}}],"collection":[{"href":"https:\/\/secret-tantra.ch\/baden\/index.php\/wp-json\/wp\/v2\/pages"}],"about":[{"href":"https:\/\/secret-tantra.ch\/baden\/index.php\/wp-json\/wp\/v2\/types\/page"}],"author":[{"embeddable":true,"href":"https:\/\/secret-tantra.ch\/baden\/index.php\/wp-json\/wp\/v2\/users\/1"}],"replies":[{"embeddable":true,"href":"https:\/\/secret-tantra.ch\/baden\/index.php\/wp-json\/wp\/v2\/comments?post=287"}],"version-history":[{"count":10,"href":"https:\/\/secret-tantra.ch\/baden\/index.php\/wp-json\/wp\/v2\/pages\/287\/revisions"}],"predecessor-version":[{"id":355,"href":"https:\/\/secret-tantra.ch\/baden\/index.php\/wp-json\/wp\/v2\/pages\/287\/revisions\/355"}],"wp:attachment":[{"href":"https:\/\/secret-tantra.ch\/baden\/index.php\/wp-json\/wp\/v2\/media?parent=287"}],"curies":[{"name":"wp","href":"https:\/\/api.w.org\/{rel}","templated":true}]}}