{"id":307,"date":"2025-03-02T10:19:07","date_gmt":"2025-03-02T09:19:07","guid":{"rendered":"https:\/\/secret-tantra.ch\/baden\/?page_id=307"},"modified":"2026-04-25T09:27:34","modified_gmt":"2026-04-25T07:27:34","slug":"verfuegbarkeit","status":"publish","type":"page","link":"https:\/\/secret-tantra.ch\/baden\/index.php\/verfuegbarkeit\/","title":{"rendered":"VERF\u00dcGBARKEIT"},"content":{"rendered":"\n<div style=\"height:30px\" aria-hidden=\"true\" class=\"wp-block-spacer\"><\/div>\n\n\n\n<p>Wenn Du wissen m\u00f6chtest, wann die einzelne Liebesk\u00fcnstlerin verf\u00fcgbar ist, kannst Du auch <a href=\"https:\/\/secrettantra.ch\/\" target=\"_blank\" rel=\"noreferrer noopener\">auf unserer zentralen Online-Buchungsseite (secrettantra.ch)<\/a> nachsehen, ob und wann sie Zeit f\u00fcr Dich hat. Nat\u00fcrlich informieren wir Dich dar\u00fcber auch gerne per Telefon oder Email.<\/p>\n\n\n\n<div style=\"height:30px\" aria-hidden=\"true\" class=\"wp-block-spacer\"><\/div>\n\n\n<div class=\"tabs\"><nav class=\"tabs-menu\"><ul><li class=\"active\"><a href=\"#\">Sa 25.4.26<\/a><\/li><li><a href=\"#\">So 26.4.26<\/a><\/li><li><a href=\"#\">Mo 27.4.26<\/a><\/li><li><a href=\"#\">Di 28.4.26<\/a><\/li><li><a href=\"#\">Mi 29.4.26<\/a><\/li><li><a href=\"#\">Do 30.4.26<\/a><\/li><li><a href=\"#\">Fr 1.5.26<\/a><\/li><\/ul><\/nav><div class=\"tabs-content\"><div class=\"tab tab-index-1\">\n<figure class=\"table\">\n<table width=\"544\">\n<tbody>\n<tr>\n<td><strong>Disha<\/strong><\/td>\n<td><strong>Indira<\/strong><\/td>\n<td><strong>Tifa<\/strong><\/td>\n<\/tr>\n<tr>\n<td><img loading=\"lazy\" decoding=\"async\" class=\"alignnone wp-image-588 size-full\" src=\"https:\/\/secret-tantra.ch\/baden\/wp-content\/uploads\/2026\/02\/Secret-Tantra-Baden-Thumbnail-150x1503-1.jpg\" alt=\"Disha - Secret Tantra\" width=\"150\" height=\"150\" \/><\/td>\n<td><img loading=\"lazy\" decoding=\"async\" class=\"alignnone wp-image-368 size-full\" src=\"https:\/\/secret-tantra.ch\/baden\/wp-content\/uploads\/2025\/03\/Secret-Tantra-Baden-Thumbnail-150x150-2.jpg\" alt=\"Secret Tantra Baden Indira 150x150\" width=\"150\" height=\"150\" \/><\/td>\n<td><a href=\"https:\/\/secret-tantra.ch\/baden\/index.php\/liebeskunstlerinnen\/liebeskuenstlerin\/tifa\/\" target=\"_blank\" rel=\"noopener noreferrer\"><img loading=\"lazy\" decoding=\"async\" class=\"alignnone wp-image-369 size-full\" src=\"https:\/\/secret-tantra.ch\/baden\/wp-content\/uploads\/2025\/03\/Secret-Tantra-Baden-Thumbnail-150x1501-2.jpg\" alt=\"\" width=\"150\" height=\"150\" \/><\/a><\/td>\n<\/tr>\n<tr>\n<td>OFF<\/td>\n<td>08-24 Uhr<\/td>\n<td>\n<p>08-24 Uhr<\/p>\n<\/td>\n<\/tr>\n<\/tbody>\n<\/table>\n<\/figure>\n<\/div><div class=\"tab tab-index-2\">\n<figure class=\"table\">\n<table width=\"544\">\n<tbody>\n<tr>\n<td><strong>Disha<\/strong><\/td>\n<td><strong>Indira<\/strong><\/td>\n<td><strong>Tifa<\/strong><\/td>\n<\/tr>\n<tr>\n<td><img loading=\"lazy\" decoding=\"async\" class=\"alignnone wp-image-588 size-full\" src=\"https:\/\/secret-tantra.ch\/baden\/wp-content\/uploads\/2026\/02\/Secret-Tantra-Baden-Thumbnail-150x1503-1.jpg\" alt=\"Disha - Secret Tantra\" width=\"150\" height=\"150\" \/><\/td>\n<td><img loading=\"lazy\" decoding=\"async\" class=\"alignnone wp-image-368 size-full\" src=\"https:\/\/secret-tantra.ch\/baden\/wp-content\/uploads\/2025\/03\/Secret-Tantra-Baden-Thumbnail-150x150-2.jpg\" alt=\"Secret Tantra Baden Indira 150x150\" width=\"150\" height=\"150\" \/><\/td>\n<td><a href=\"https:\/\/secret-tantra.ch\/baden\/index.php\/liebeskunstlerinnen\/liebeskuenstlerin\/tifa\/\" target=\"_blank\" rel=\"noopener noreferrer\"><img loading=\"lazy\" decoding=\"async\" class=\"alignnone wp-image-369 size-full\" src=\"https:\/\/secret-tantra.ch\/baden\/wp-content\/uploads\/2025\/03\/Secret-Tantra-Baden-Thumbnail-150x1501-2.jpg\" alt=\"\" width=\"150\" height=\"150\" \/><\/a><\/td>\n<\/tr>\n<tr>\n<td>OFF<\/td>\n<td>08-24 Uhr<\/td>\n<td>\n<p>08-24 Uhr<\/p>\n<\/td>\n<\/tr>\n<\/tbody>\n<\/table>\n<\/figure>\n<\/div><div class=\"tab tab-index-3\">\n<figure class=\"table\">\n<table width=\"544\">\n<tbody>\n<tr>\n<td><strong>Disha<\/strong><\/td>\n<td><strong>Indira<\/strong><\/td>\n<td><strong>Tifa<\/strong><\/td>\n<\/tr>\n<tr>\n<td><img loading=\"lazy\" decoding=\"async\" class=\"alignnone wp-image-588 size-full\" src=\"https:\/\/secret-tantra.ch\/baden\/wp-content\/uploads\/2026\/02\/Secret-Tantra-Baden-Thumbnail-150x1503-1.jpg\" alt=\"Disha - Secret Tantra\" width=\"150\" height=\"150\" \/><\/td>\n<td><img loading=\"lazy\" decoding=\"async\" class=\"alignnone wp-image-368 size-full\" src=\"https:\/\/secret-tantra.ch\/baden\/wp-content\/uploads\/2025\/03\/Secret-Tantra-Baden-Thumbnail-150x150-2.jpg\" alt=\"Secret Tantra Baden Indira 150x150\" width=\"150\" height=\"150\" \/><\/td>\n<td><a href=\"https:\/\/secret-tantra.ch\/baden\/index.php\/liebeskunstlerinnen\/liebeskuenstlerin\/tifa\/\" target=\"_blank\" rel=\"noopener noreferrer\"><img loading=\"lazy\" decoding=\"async\" class=\"alignnone wp-image-369 size-full\" src=\"https:\/\/secret-tantra.ch\/baden\/wp-content\/uploads\/2025\/03\/Secret-Tantra-Baden-Thumbnail-150x1501-2.jpg\" alt=\"\" width=\"150\" height=\"150\" \/><\/a><\/td>\n<\/tr>\n<tr>\n<td>OFF<\/td>\n<td>19-23 Uhr<\/td>\n<td>\n<p>08-24 Uhr<\/p>\n<\/td>\n<\/tr>\n<\/tbody>\n<\/table>\n<\/figure>\n<\/div><div class=\"tab tab-index-4\">\n<figure class=\"table\">\n<table width=\"544\">\n<tbody>\n<tr>\n<td><strong>Disha<\/strong><\/td>\n<td><strong>Indira<\/strong><\/td>\n<td><strong>Tifa<\/strong><\/td>\n<\/tr>\n<tr>\n<td><img loading=\"lazy\" decoding=\"async\" class=\"alignnone wp-image-588 size-full\" src=\"https:\/\/secret-tantra.ch\/baden\/wp-content\/uploads\/2026\/02\/Secret-Tantra-Baden-Thumbnail-150x1503-1.jpg\" alt=\"Disha - Secret Tantra\" width=\"150\" height=\"150\" \/><\/td>\n<td><img loading=\"lazy\" decoding=\"async\" class=\"alignnone wp-image-368 size-full\" src=\"https:\/\/secret-tantra.ch\/baden\/wp-content\/uploads\/2025\/03\/Secret-Tantra-Baden-Thumbnail-150x150-2.jpg\" alt=\"Secret Tantra Baden Indira 150x150\" width=\"150\" height=\"150\" \/><\/td>\n<td><a href=\"https:\/\/secret-tantra.ch\/baden\/index.php\/liebeskunstlerinnen\/liebeskuenstlerin\/tifa\/\" target=\"_blank\" rel=\"noopener noreferrer\"><img loading=\"lazy\" decoding=\"async\" class=\"alignnone wp-image-369 size-full\" src=\"https:\/\/secret-tantra.ch\/baden\/wp-content\/uploads\/2025\/03\/Secret-Tantra-Baden-Thumbnail-150x1501-2.jpg\" alt=\"\" width=\"150\" height=\"150\" \/><\/a><\/td>\n<\/tr>\n<tr>\n<td>10-15 Uhr<\/td>\n<td>19-23 Uhr<\/td>\n<td>\n<p>08-24 Uhr<\/p>\n<\/td>\n<\/tr>\n<\/tbody>\n<\/table>\n<\/figure>\n<\/div><div class=\"tab tab-index-5\">\n<figure class=\"table\">\n<table width=\"544\">\n<tbody>\n<tr>\n<td><strong>Disha<\/strong><\/td>\n<td><strong>Indira<\/strong><\/td>\n<td><strong>Tifa<\/strong><\/td>\n<\/tr>\n<tr>\n<td><img loading=\"lazy\" decoding=\"async\" class=\"alignnone wp-image-588 size-full\" src=\"https:\/\/secret-tantra.ch\/baden\/wp-content\/uploads\/2026\/02\/Secret-Tantra-Baden-Thumbnail-150x1503-1.jpg\" alt=\"Disha - Secret Tantra\" width=\"150\" height=\"150\" \/><\/td>\n<td><img loading=\"lazy\" decoding=\"async\" class=\"alignnone wp-image-368 size-full\" src=\"https:\/\/secret-tantra.ch\/baden\/wp-content\/uploads\/2025\/03\/Secret-Tantra-Baden-Thumbnail-150x150-2.jpg\" alt=\"Secret Tantra Baden Indira 150x150\" width=\"150\" height=\"150\" \/><\/td>\n<td><a href=\"https:\/\/secret-tantra.ch\/baden\/index.php\/liebeskunstlerinnen\/liebeskuenstlerin\/tifa\/\" target=\"_blank\" rel=\"noopener noreferrer\"><img loading=\"lazy\" decoding=\"async\" class=\"alignnone wp-image-369 size-full\" src=\"https:\/\/secret-tantra.ch\/baden\/wp-content\/uploads\/2025\/03\/Secret-Tantra-Baden-Thumbnail-150x1501-2.jpg\" alt=\"\" width=\"150\" height=\"150\" \/><\/a><\/td>\n<\/tr>\n<tr>\n<td>OFF<\/td>\n<td>19-23 Uhr<\/td>\n<td>\n<p>08-24 Uhr<\/p>\n<\/td>\n<\/tr>\n<\/tbody>\n<\/table>\n<\/figure>\n<\/div><div class=\"tab tab-index-6\">\n<figure class=\"table\">\n<table width=\"544\">\n<tbody>\n<tr>\n<td><strong>Disha<\/strong><\/td>\n<td><strong>Indira<\/strong><\/td>\n<td><strong>Tifa<\/strong><\/td>\n<\/tr>\n<tr>\n<td><img loading=\"lazy\" decoding=\"async\" class=\"alignnone wp-image-588 size-full\" src=\"https:\/\/secret-tantra.ch\/baden\/wp-content\/uploads\/2026\/02\/Secret-Tantra-Baden-Thumbnail-150x1503-1.jpg\" alt=\"Disha - Secret Tantra\" width=\"150\" height=\"150\" \/><\/td>\n<td><img loading=\"lazy\" decoding=\"async\" class=\"alignnone wp-image-368 size-full\" src=\"https:\/\/secret-tantra.ch\/baden\/wp-content\/uploads\/2025\/03\/Secret-Tantra-Baden-Thumbnail-150x150-2.jpg\" alt=\"Secret Tantra Baden Indira 150x150\" width=\"150\" height=\"150\" \/><\/td>\n<td><a href=\"https:\/\/secret-tantra.ch\/baden\/index.php\/liebeskunstlerinnen\/liebeskuenstlerin\/tifa\/\" target=\"_blank\" rel=\"noopener noreferrer\"><img loading=\"lazy\" decoding=\"async\" class=\"alignnone wp-image-369 size-full\" src=\"https:\/\/secret-tantra.ch\/baden\/wp-content\/uploads\/2025\/03\/Secret-Tantra-Baden-Thumbnail-150x1501-2.jpg\" alt=\"\" width=\"150\" height=\"150\" \/><\/a><\/td>\n<\/tr>\n<tr>\n<td>OFF<\/td>\n<td>19-23 Uhr<\/td>\n<td>\n<p>08-24 Uhr<\/p>\n<\/td>\n<\/tr>\n<\/tbody>\n<\/table>\n<\/figure>\n<\/div><div class=\"tab tab-index-7\">\n<figure class=\"table\">\n<table width=\"544\">\n<tbody>\n<tr>\n<td><strong>Disha<\/strong><\/td>\n<td><strong>Indira<\/strong><\/td>\n<td><strong>Tifa<\/strong><\/td>\n<\/tr>\n<tr>\n<td><img loading=\"lazy\" decoding=\"async\" class=\"alignnone wp-image-588 size-full\" src=\"https:\/\/secret-tantra.ch\/baden\/wp-content\/uploads\/2026\/02\/Secret-Tantra-Baden-Thumbnail-150x1503-1.jpg\" alt=\"Disha - Secret Tantra\" width=\"150\" height=\"150\" \/><\/td>\n<td><img loading=\"lazy\" decoding=\"async\" class=\"alignnone wp-image-368 size-full\" src=\"https:\/\/secret-tantra.ch\/baden\/wp-content\/uploads\/2025\/03\/Secret-Tantra-Baden-Thumbnail-150x150-2.jpg\" alt=\"Secret Tantra Baden Indira 150x150\" width=\"150\" height=\"150\" \/><\/td>\n<td><a href=\"https:\/\/secret-tantra.ch\/baden\/index.php\/liebeskunstlerinnen\/liebeskuenstlerin\/tifa\/\" target=\"_blank\" rel=\"noopener noreferrer\"><img loading=\"lazy\" decoding=\"async\" class=\"alignnone wp-image-369 size-full\" src=\"https:\/\/secret-tantra.ch\/baden\/wp-content\/uploads\/2025\/03\/Secret-Tantra-Baden-Thumbnail-150x1501-2.jpg\" alt=\"\" width=\"150\" height=\"150\" \/><\/a><\/td>\n<\/tr>\n<tr>\n<td>OFF<\/td>\n<td>08-24 Uhr<\/td>\n<td>\n<p>08-24 Uhr<\/p>\n<\/td>\n<\/tr>\n<\/tbody>\n<\/table>\n<\/figure>\n<\/div><\/div><\/div>","protected":false},"excerpt":{"rendered":"<p>Wenn Du wissen m\u00f6chtest, wann die einzelne Liebesk\u00fcnstlerin verf\u00fcgbar ist, kannst Du auch auf unserer zentralen Online-Buchungsseite (secrettantra.ch) nachsehen, ob und wann sie Zeit f\u00fcr Dich hat. Nat\u00fcrlich informieren wir Dich dar\u00fcber auch gerne per Telefon oder Email.<\/p>\n<div class=\"wrap-excerpt-more\"><a class=\"excerpt-more\" href=\"https:\/\/secret-tantra.ch\/baden\/index.php\/verfuegbarkeit\/\">Read more<\/a><\/div>\n","protected":false},"author":1,"featured_media":0,"parent":0,"menu_order":0,"comment_status":"closed","ping_status":"closed","template":"","meta":{"footnotes":""},"class_list":["post-307","page","type-page","status-publish","hentry","post--no-featured-image"],"_links":{"self":[{"href":"https:\/\/secret-tantra.ch\/baden\/index.php\/wp-json\/wp\/v2\/pages\/307","targetHints":{"allow":["GET"]}}],"collection":[{"href":"https:\/\/secret-tantra.ch\/baden\/index.php\/wp-json\/wp\/v2\/pages"}],"about":[{"href":"https:\/\/secret-tantra.ch\/baden\/index.php\/wp-json\/wp\/v2\/types\/page"}],"author":[{"embeddable":true,"href":"https:\/\/secret-tantra.ch\/baden\/index.php\/wp-json\/wp\/v2\/users\/1"}],"replies":[{"embeddable":true,"href":"https:\/\/secret-tantra.ch\/baden\/index.php\/wp-json\/wp\/v2\/comments?post=307"}],"version-history":[{"count":138,"href":"https:\/\/secret-tantra.ch\/baden\/index.php\/wp-json\/wp\/v2\/pages\/307\/revisions"}],"predecessor-version":[{"id":605,"href":"https:\/\/secret-tantra.ch\/baden\/index.php\/wp-json\/wp\/v2\/pages\/307\/revisions\/605"}],"wp:attachment":[{"href":"https:\/\/secret-tantra.ch\/baden\/index.php\/wp-json\/wp\/v2\/media?parent=307"}],"curies":[{"name":"wp","href":"https:\/\/api.w.org\/{rel}","templated":true}]}}