{"id":5,"date":"2013-03-06T23:33:46","date_gmt":"2013-03-06T23:33:46","guid":{"rendered":"http:\/\/inthe.me\/demo\/fluxus-xml\/?page_id=5"},"modified":"2025-04-05T08:31:26","modified_gmt":"2025-04-05T06:31:26","slug":"homepage","status":"publish","type":"page","link":"https:\/\/secret-tantra.ch\/baden\/","title":{"rendered":"Secret Tantra Baden"},"content":{"rendered":"\n<h2 class=\"wp-block-heading\">Secret Tantra Baden<\/h2>\n\n\n\n<h1 class=\"wp-block-heading\">Secret Tantra<\/h1>\n\n\n\n<p>Tief empfundene Z\u00e4rtlichkeit ist in unserer heutigen Zeit wichtiger denn je. Erfahre hautnah spirituelle und inspirierende Erotik!<\/p>\n\n\n\n<p>Tantra ist gleichermassen eine energetische wie erotische Sexualpratik. Sie ber\u00fccksichtigt die geistigen Aspekte und schult durch sinnliche Ber\u00fchrungs- und Achtsamkeits\u00fcbungen das Vertrauen zwischen den Partnern.<\/p>\n\n\n\n<h4 class=\"wp-block-heading\">JEDE BEGEGNUNG EIN SINNESFEST<\/h4>\n\n\n\n<p>Bei unserem Tantra geht es um den geistigen Aspekt der Erotik und um Vertrauen. Aber auch darum, sexuelle Lust zu entfalten und blockierte Energien zu befreien.<\/p>\n\n\n\n<h4 class=\"wp-block-heading\">GEBORGENHEIT SCHENKEN<\/h4>\n\n\n\n<p>Rituale sind uns wichtig, da sie Geborgenheit geben und N\u00e4he schaffen. Es sind ganz einfache Dinge, die aus allt\u00e4glichem Tun bewusste und feierliche Handlungen machen.<\/p>\n\n\n\n<h4 class=\"wp-block-heading\">ZULASSEN STATT MACHEN<\/h4>\n\n\n\n<p>Hineinfinden, loslassen und zulassen &#8211; darum geht es bei uns. Auf Leistung oder gar Perfektion kommt bei Secret Tantra nicht an. Nutze die Zeit f\u00fcr eine Meditation zu zweit\/dritt.<\/p>\n\n\n\n<p>DIE SECHS STUFEN UNSERER SESSIONS<\/p>\n\n\n\n<p>Vorgespr\u00e4ch<\/p>\n\n\n\n<p>Den Alltagsstress, L\u00e4rm und Unruhe hinter sich lassen \u2013 die Tantrika und Du lernen sich kennen und trinken etwas zusammen \u2013 Du deponierst Deine W\u00fcnsche.<\/p>\n\n\n\n<p>Kontakt aufnehmen<\/p>\n\n\n\n<p>Gemeinsames Atmen \u2013 die H\u00e4nde werden aufgelegt \u2013 beide Partner erden sich \u2013 die erste Ber\u00fchrung baut die innere Verbindung auf.<\/p>\n\n\n\n<p>Die sechs Schmetterlinge<\/p>\n\n\n\n<p>Ohne \u00d6l werden einige lange Striche durchgef\u00fchrt \u2013 der Kontakt wird intensiviert \u2013 die Energien verteilen sich \u2013 Du l\u00e4sst Dich fallen<\/p>\n\n\n\n<p>\u00d6lmassage<\/p>\n\n\n\n<p>Der ganze K\u00f6rper wird sanft massiert \u2013 Energieblockaden l\u00f6sen sich auf \u2013 jedem K\u00f6rperteil wird Zuneigung geschenkt. Body-to-Body ist ein Teil hiervon.<\/p>\n\n\n\n<h4 class=\"wp-block-heading\">Yoni- und Lingam-Massage<\/h4>\n\n\n\n<p>Der Intimbereich wird sanft stimuliert \u2013 die sexuelle Energie und die Lust des Partners werden entfacht \u2013 Blockaden die den Fluss der Erotik st\u00f6ren, werden gel\u00f6st.<\/p>\n\n\n\n<p>Die Chakras verbinden<\/p>\n\n\n\n<p>Die drei Hauptenergiezentren Bauch, Herz und Kopf werden miteinander verbunden \u2013 das Gleichgewicht wird wiederhergestellt die sexuelle Kraft wird durch die sexuelle Vereinigung aufw\u00e4rts gelenkt.<\/p>\n\n\n\n<p>F\u00fcr mehr Informationen verweisen wir auf die Hauptseite von <a href=\"https:\/\/secret-tantra.ch\/\" data-type=\"link\" data-id=\"https:\/\/secret-tantra.ch\/\">Secret Tantra<\/a>. <\/p>\n\n\n\n<p>F\u00fcr Buchungen, die Du online vornehmen m\u00f6chtest findest <a href=\"https:\/\/secrettantra.ch\/\" target=\"_blank\" rel=\"noopener\">Hier<\/a> unsere zentrale Buchungs-Plattform.<\/p>\n\n\n\n<figure class=\"wp-block-image size-large\"><img loading=\"lazy\" decoding=\"async\" width=\"1024\" height=\"770\" src=\"https:\/\/secret-tantra.ch\/baden\/wp-content\/uploads\/2025\/03\/Secret-Tantra-Dila-Werbung-01-1024x770.jpg\" alt=\"Secret Tantra Baden und Volketswil\" class=\"wp-image-325\" srcset=\"https:\/\/secret-tantra.ch\/baden\/wp-content\/uploads\/2025\/03\/Secret-Tantra-Dila-Werbung-01-1024x770.jpg 1024w, https:\/\/secret-tantra.ch\/baden\/wp-content\/uploads\/2025\/03\/Secret-Tantra-Dila-Werbung-01-300x225.jpg 300w, https:\/\/secret-tantra.ch\/baden\/wp-content\/uploads\/2025\/03\/Secret-Tantra-Dila-Werbung-01-768x577.jpg 768w, https:\/\/secret-tantra.ch\/baden\/wp-content\/uploads\/2025\/03\/Secret-Tantra-Dila-Werbung-01.jpg 1139w\" sizes=\"auto, (max-width: 1024px) 100vw, 1024px\" \/><\/figure>\n","protected":false},"excerpt":{"rendered":"<p>Secret Tantra Baden Secret Tantra Tief empfundene Z\u00e4rtlichkeit ist in unserer heutigen Zeit wichtiger denn je. Erfahre hautnah spirituelle und inspirierende Erotik! Tantra ist gleichermassen eine energetische wie erotische Sexualpratik. Sie ber\u00fccksichtigt die geistigen Aspekte und schult durch sinnliche Ber\u00fchrungs- und Achtsamkeits\u00fcbungen das Vertrauen zwischen den Partnern. JEDE BEGEGNUNG EIN &hellip;<\/p>\n<div class=\"wrap-excerpt-more\"><a class=\"excerpt-more\" href=\"https:\/\/secret-tantra.ch\/baden\/\">Read more<\/a><\/div>\n","protected":false},"author":1,"featured_media":0,"parent":0,"menu_order":0,"comment_status":"open","ping_status":"open","template":"template-full-page-slider.php","meta":{"footnotes":""},"class_list":["post-5","page","type-page","status-publish","hentry","post--no-featured-image"],"_links":{"self":[{"href":"https:\/\/secret-tantra.ch\/baden\/index.php\/wp-json\/wp\/v2\/pages\/5","targetHints":{"allow":["GET"]}}],"collection":[{"href":"https:\/\/secret-tantra.ch\/baden\/index.php\/wp-json\/wp\/v2\/pages"}],"about":[{"href":"https:\/\/secret-tantra.ch\/baden\/index.php\/wp-json\/wp\/v2\/types\/page"}],"author":[{"embeddable":true,"href":"https:\/\/secret-tantra.ch\/baden\/index.php\/wp-json\/wp\/v2\/users\/1"}],"replies":[{"embeddable":true,"href":"https:\/\/secret-tantra.ch\/baden\/index.php\/wp-json\/wp\/v2\/comments?post=5"}],"version-history":[{"count":5,"href":"https:\/\/secret-tantra.ch\/baden\/index.php\/wp-json\/wp\/v2\/pages\/5\/revisions"}],"predecessor-version":[{"id":328,"href":"https:\/\/secret-tantra.ch\/baden\/index.php\/wp-json\/wp\/v2\/pages\/5\/revisions\/328"}],"wp:attachment":[{"href":"https:\/\/secret-tantra.ch\/baden\/index.php\/wp-json\/wp\/v2\/media?parent=5"}],"curies":[{"name":"wp","href":"https:\/\/api.w.org\/{rel}","templated":true}]}}